{"id":2,"date":"2020-04-04T09:38:16","date_gmt":"2020-04-04T09:38:16","guid":{"rendered":"https:\/\/manuelahuber.ch\/?page_id=2"},"modified":"2024-12-09T14:56:04","modified_gmt":"2024-12-09T13:56:04","slug":"sample-page","status":"publish","type":"page","link":"https:\/\/manuelahuber.ch\/","title":{"rendered":"Manuela Huber"},"content":{"rendered":"\n\n\t\t\t\t<img loading=\"lazy\" decoding=\"async\" src=\"https:\/\/manuelahuber.ch\/wp-content\/uploads\/2020\/04\/logo-manuela-huber_1-01.png\" alt=\"logo manuela huber_1-01\" itemprop=\"image\" height=\"3103\" width=\"3128\" title=\"logo manuela huber_1-01\" onerror=\"this.style.display='none'\"  \/>\n\t<p><strong>The best way to<\/strong><\/p>\n<p><strong>predict the future<\/strong><\/p>\n<p><strong>is to create it.<\/strong><\/p>\n<p>&nbsp;<\/p>\n<p>Peter F. Drucker<\/p>\n<h1>\n\t\tMeine Dienstleistungen\n\t<\/h1>\n<h2>\n\t\tKOMMUNIKATION &#038; KREATION\n\t<\/h2>\n\t<p><em>M\u00f6chten Sie\u00a0an Ihrer\u00a0Firmen-Ausstrahlung arbeiten?\u00a0M\u00f6chten Sie als Unternehmen\u00a0echter,\u00a0authentischer\u00a0und\u00a0greifbarer\u00a0wirken?<\/em><\/p>\n<p>Gerne\u00a0unterst\u00fctze\u00a0ich Sie und bringe Ihr\u00a0Gesch\u00e4ft\u00a0und Ihre\u00a0Kunden\u00a0n\u00e4her\u00a0zusammen. Ich\u00a0bin\u00a0\u00fcberzeugt,\u00a0dass\u00a0wir\u00a0Erfolg\u00a0haben,\u00a0wenn\u00a0wir\u00a0zusammen Ihre\u00a0Identit\u00e4t\u00a0zum Strahlen\u00a0bringen\u00a0und Ihre\u00a0Qualit\u00e4ten sp\u00fcrbar\u00a0machen.<\/p>\n<p><em>Sind Sie im Wandel oder stehen Sie vor einer gr\u00f6sseren Herausforderung? Suchen Sie Unterst\u00fctzung, die alle F\u00e4den zusammenh\u00e4lt, Neues kombiniert und koordiniert?<\/em><\/p>\n<p>Ver\u00e4nderungen und Neues anzupacken brauchen Mut und Ausdauer. \u00a0Gerne bin ich Ihr Teampartner in diesem Prozess und stehe Ihnen zur Seite.<\/p>\n<p>&nbsp;<\/p>\n<p>Meine Spezialgebiete sind Tourismus, Outdoorsport wie Mountainbiken oder Trailrunning sowie Gesundheit. Mehr zu meinen Qualit\u00e4ten finden Sie unter Meine Erfahrungen.<\/p>\n<p>&nbsp;<\/p>\n\t<p>KOMMUNIKATION besteht darin den Zuh\u00f6rer zu verstehen \u00abJean Abraham\u00bb.\u00a0\u00a0<\/p>\n<p>KREATION steht f\u00fcr kreieren, entwickeln, erschaffen, hervorbringen, ins Leben rufen, erzeugen, &#8230;<\/p>\n<p>&nbsp;<\/p>\n<p>&nbsp;<\/p>\n<p>Gerne unterst\u00fctze ich Sie im Prozess und beim aktiven Gestalten von Ihren Zukunftsvisionen.\u00a0<\/p>\n<img loading=\"lazy\" decoding=\"async\" src=\"https:\/\/manuelahuber.ch\/wp-content\/uploads\/2020\/04\/aufza\u0308hlungszeichen-300x300.png\" alt=\"\" width=\"20\" height=\"20\" \/>Ausarbeitung von einem neuen Konzept<br \/>\n<img loading=\"lazy\" decoding=\"async\" src=\"https:\/\/manuelahuber.ch\/wp-content\/uploads\/2020\/04\/aufza\u0308hlungszeichen-300x300.png\" alt=\"\" width=\"20\" height=\"20\" \/>Beratung und Koordination von Webprojekten<br \/>\n<img loading=\"lazy\" decoding=\"async\" src=\"https:\/\/manuelahuber.ch\/wp-content\/uploads\/2020\/04\/aufza\u0308hlungszeichen-300x300.png\" alt=\"\" width=\"20\" height=\"20\" \/>Beratung beim Branding oder Rebranding<br \/>\n<img loading=\"lazy\" decoding=\"async\" src=\"https:\/\/manuelahuber.ch\/wp-content\/uploads\/2020\/04\/aufza\u0308hlungszeichen-300x300.png\" alt=\"\" width=\"20\" height=\"20\" \/>Interne &amp; externe Kommunikation optimieren<br \/>\n<img loading=\"lazy\" decoding=\"async\" src=\"https:\/\/manuelahuber.ch\/wp-content\/uploads\/2020\/04\/aufza\u0308hlungszeichen-300x300.png\" alt=\"\" width=\"20\" height=\"20\" \/>Eventmanagement<br \/>\n<img loading=\"lazy\" decoding=\"async\" src=\"https:\/\/manuelahuber.ch\/wp-content\/uploads\/2020\/04\/aufza\u0308hlungszeichen-300x300.png\" alt=\"\" width=\"20\" height=\"20\" \/>Contenterstellung<br \/>\n\n<h1>\n\t\t\u00dcber mich\n\t<\/h1>\n\t<p>Ich\u00a0bin\u00a0eine\u00a0begeisterungsf\u00e4hige,\u00a0neugierige,\u00a0vielseitige\u00a0und\u00a0aufgestellte Person. Die\u00a0Natur,\u00a0authentische\u00a0Menschen und\u00a0Orte,\u00a0das\u00a0Neue\u00a0sowie\u00a0auch Traditionen begeistern mich.<\/p>\n<p>Das vernetzte Denken, Kreieren von Neuem, Motivieren und Zusammenbringen von Menschen geh\u00f6ren zu meinen Leidenschaften.<\/p>\n<p>Eine gute Atmosph\u00e4re im Team und im Raum stehen f\u00fcr mich im Zentrum.\u00a0<\/p>\n\t\t\t\t<img loading=\"lazy\" decoding=\"async\" src=\"https:\/\/manuelahuber.ch\/wp-content\/uploads\/2020\/04\/Profilbild-manuela-huber-happy-scaled.jpg\" alt=\"Profilbild manuela huber happy\" itemprop=\"image\" height=\"1707\" width=\"2560\" title=\"Profilbild manuela huber happy\" onerror=\"this.style.display='none'\"  \/>\n\t\t\t\t<img loading=\"lazy\" decoding=\"async\" src=\"https:\/\/manuelahuber.ch\/wp-content\/uploads\/2021\/10\/manuela-huber-Bike.jpg\" alt=\"manuela huber Bike\" itemprop=\"image\" height=\"1584\" width=\"1573\" title=\"manuela huber Bike\" onerror=\"this.style.display='none'\"  \/>\n\t\t\t\t<img loading=\"lazy\" decoding=\"async\" src=\"https:\/\/manuelahuber.ch\/wp-content\/uploads\/2020\/04\/profilbild-manuela-huber-berge-scaled.jpg\" alt=\"profilbild manuela huber berge\" itemprop=\"image\" height=\"2560\" width=\"1920\" title=\"profilbild manuela huber berge\" onerror=\"this.style.display='none'\"  \/>\n<h1>\n\t\tMeine Erfahrungen\n\t<\/h1>\n\t<p>Mein Rucksack ist gepackt mit Wissen und Erfahrungen aus der Marketingwelt, Tourismus- sowie Bike-Industrie. Nach meiner Zweitausbildung zur Tourismus- und Marketingfachfrau im wundersch\u00f6nen Engadin, hat es mich in die Sportwelt gezogen. Gestartet bin ich bei der <a href=\"https:\/\/www.fuchs-movesa.ch\">Fuchs-Movesa<\/a>, einer der gr\u00f6ssten Importeure in der Bike- und Sport-Industrie. Neben viel Produkt- und Branchenwissen, durfte ich mir als Marketingleiterin ein fantastisches Netzwerk aufbauen. Nach sieben spannenden Jahren hat es mich weitergezogen in die grosse Welt. Ich habe mir ein Jahr Abenteuer geschenkt.<\/p>\n<p>Nach sechs Monaten reisen habe ich bei <a href=\"https:\/\/www.bauersport.ch\">Bauer Sport<\/a> eine tolle Chance erhalten. Ich durfte ein Webseiten- und Webshop-Projekt sowie einen kompletten Ladenumbau erfolgreich umsetzen. Anschliessend bin ich dem Bikefachhandel treu geblieben. Neben meiner Teilzeit-Selbst\u00e4ndigkeit arbeitete ich 3 Jahre im <a href=\"https:\/\/mahu.ch\">Mahu Bike und Sport Shop<\/a>. Im direkten Kundenkontakt zu stehen machte mir sehr viel Freude.<\/p>\n<p>Seit Januar 2021 konzentriere ich mich auf meine Selbst\u00e4ndigkeit. <strong>Ich sehe es als Privileg meine Erfahrungen aus dem Tourismus, Marketing und Bike-Industrie zu vereinen und meine Leidenschaft zu kreieren, kommunizieren und koordinieren bei den Projekten einzubringen.<\/strong><\/p>\n<p>Ich bin begeisterte Sportlerin und liebe es meine Passion mit meinen Kunden, Partnern und Freunden zu teilen. Ich f\u00fchle mich sehr angezogen von T\u00e4tigkeiten, die im Wandel sind, wo Neues entsteht durch Vernetzen und wo Spielraum f\u00fcr Kreativit\u00e4t gefragt ist. Ich bin eine Macherin und liebe es f\u00fcr komplexe Themen stets eine einfache L\u00f6sung zu finden. Es bereitet mir viel Freude, dass ich in meiner Selbst\u00e4ndigkeit genau diese Interessen ausleben darf.<\/p>\n\n\t\t\t<a href=\"mailto:info@manuelahuber.ch\" target=\"_self\">\n\t\t\t\t\t\t\tNeugierig geworden?\n\t\t\t\t\t<\/a>\n\t<strong>If you&#8217;re not excited about it. <\/strong><br \/>\n<strong>It&#8217;s not the right path.<br \/>\n<\/strong>\n<p>&nbsp;<\/p>\n<p>Abrahm Hicks<\/p>\n<h1>\n\t\tMeine Kunden\n\t<\/h1>\n\t\t\t\t<a href=\"https:\/\/schwarzsee-vertical.ch\" target=\"_self\" itemprop=\"url\">\n\t\t\t\t<img loading=\"lazy\" decoding=\"async\" src=\"https:\/\/manuelahuber.ch\/wp-content\/uploads\/2020\/04\/schwarzsee_vertical_Logo_grossA4.png\" alt=\"schwarzsee_vertical_Logo_grossA4\" itemprop=\"image\" height=\"218\" width=\"778\" title=\"schwarzsee_vertical_Logo_grossA4\" onerror=\"this.style.display='none'\"  \/>\n\t\t\t\t<\/a>\n\t\t\t\t<a href=\"https:\/\/www.bauersport.ch\" target=\"_self\" itemprop=\"url\">\n\t\t\t\t<img loading=\"lazy\" decoding=\"async\" src=\"https:\/\/manuelahuber.ch\/wp-content\/uploads\/2020\/04\/Logo_Bauer_Sport_Wettingen_blau-2.png\" alt=\"Logo_Bauer_Sport_Wettingen_blau-2\" itemprop=\"image\" height=\"868\" width=\"2733\" title=\"Logo_Bauer_Sport_Wettingen_blau-2\" onerror=\"this.style.display='none'\"  \/>\n\t\t\t\t<\/a>\n\t\t\t\t<a href=\"https:\/\/www.nadjaperl.ch\" target=\"_self\" itemprop=\"url\">\n\t\t\t\t<img loading=\"lazy\" decoding=\"async\" src=\"https:\/\/manuelahuber.ch\/wp-content\/uploads\/2020\/04\/Logo.png\" alt=\"Logo\" itemprop=\"image\" height=\"1500\" width=\"1500\" title=\"Logo\" onerror=\"this.style.display='none'\"  \/>\n\t\t\t\t<\/a>\n\t\t\t\t<a href=\"https:\/\/www.trailgirls.ch\" target=\"_self\" itemprop=\"url\">\n\t\t\t\t<img loading=\"lazy\" decoding=\"async\" src=\"https:\/\/manuelahuber.ch\/wp-content\/uploads\/2021\/05\/1.png\" alt=\"1\" itemprop=\"image\" height=\"500\" width=\"500\" title=\"1\" onerror=\"this.style.display='none'\"  \/>\n\t\t\t\t<\/a>\n\t\t\t\t<a href=\"https:\/\/www.supertrail.guide\" target=\"_self\" itemprop=\"url\">\n\t\t\t\t<img loading=\"lazy\" decoding=\"async\" src=\"https:\/\/manuelahuber.ch\/wp-content\/uploads\/2020\/04\/STG_Logo_RGB.png\" alt=\"STG_Logo_RGB\" itemprop=\"image\" height=\"531\" width=\"827\" title=\"STG_Logo_RGB\" onerror=\"this.style.display='none'\"  \/>\n\t\t\t\t<\/a>\n\t\t\t\t<a href=\"https:\/\/www.bikevoralpen.ch\" target=\"_self\" itemprop=\"url\">\n\t\t\t\t<img loading=\"lazy\" decoding=\"async\" src=\"https:\/\/manuelahuber.ch\/wp-content\/uploads\/2021\/03\/Logo_colour-809x1024.png\" alt=\"Bike Region Voralpen Logo_colour\" itemprop=\"image\" height=\"1024\" width=\"809\" title=\"Bike Region Voralpen Logo_colour\" onerror=\"this.style.display='none'\"  \/>\n\t\t\t\t<\/a>\n\t\t\t\t<a href=\"https:\/\/mikewolff.ch\" target=\"_self\" itemprop=\"url\">\n\t\t\t\t<img loading=\"lazy\" decoding=\"async\" src=\"https:\/\/manuelahuber.ch\/wp-content\/uploads\/2020\/04\/mw_render_silver.jpg\" alt=\"mw_render_silver\" itemprop=\"image\" height=\"2111\" width=\"2111\" title=\"mw_render_silver\" onerror=\"this.style.display='none'\"  \/>\n\t\t\t\t<\/a>\n\t\t\t\t<a href=\"https:\/\/www.sami-keramik.ch\" target=\"_self\" itemprop=\"url\">\n\t\t\t\t<img loading=\"lazy\" decoding=\"async\" src=\"https:\/\/manuelahuber.ch\/wp-content\/uploads\/2021\/10\/SK-Logo_CMYK_Druck-e1634561933122.png\" alt=\"Sami Keramik Logo\" itemprop=\"image\" height=\"1216\" width=\"1654\" title=\"Sami Keramik Logo\" onerror=\"this.style.display='none'\"  \/>\n\t\t\t\t<\/a>\n<h1>\n\t\tKontakt\n\t<\/h1>\n\t<p>Manuela Huber<\/p>\n<p>Kapellenstrasse 9, 1716 Plaffeien<\/p>\n<p><a href=\"mailto:info@manuelahuber.ch\">info@manuelahuber.ch<\/a><\/p>\n<p><a href=\"tel:0787892256\">+41 78 789 22 56<\/a><\/p>\n\t<p><a href=\"https:\/\/create-your-adventure.com\">Create your adventure Blog<\/a><\/p>\n\n","protected":false},"excerpt":{"rendered":"<p>The best way to predict the future is to create it. &nbsp; Peter F. Drucker Meine Dienstleistungen KOMMUNIKATION &#038; KREATION M\u00f6chten Sie\u00a0an Ihrer\u00a0Firmen-Ausstrahlung arbeiten?\u00a0M\u00f6chten Sie als Unternehmen\u00a0echter,\u00a0authentischer\u00a0und\u00a0greifbarer\u00a0wirken? Gerne\u00a0unterst\u00fctze\u00a0ich Sie und bringe Ihr\u00a0Gesch\u00e4ft\u00a0und Ihre\u00a0Kunden\u00a0n\u00e4her\u00a0zusammen. Ich\u00a0bin\u00a0\u00fcberzeugt,\u00a0dass\u00a0wir\u00a0Erfolg\u00a0haben,\u00a0wenn\u00a0wir\u00a0zusammen Ihre\u00a0Identit\u00e4t\u00a0zum Strahlen\u00a0bringen\u00a0und Ihre\u00a0Qualit\u00e4ten sp\u00fcrbar\u00a0machen. Sind Sie im Wandel oder stehen Sie vor einer gr\u00f6sseren Herausforderung? Suchen Sie Unterst\u00fctzung, die alle F\u00e4den&hellip;<\/p>\n","protected":false},"author":1,"featured_media":0,"parent":0,"menu_order":0,"comment_status":"closed","ping_status":"closed","template":"","meta":{"footnotes":""},"class_list":["post-2","page","type-page","status-publish","hentry"],"aioseo_notices":[],"_links":{"self":[{"href":"https:\/\/manuelahuber.ch\/index.php\/wp-json\/wp\/v2\/pages\/2","targetHints":{"allow":["GET"]}}],"collection":[{"href":"https:\/\/manuelahuber.ch\/index.php\/wp-json\/wp\/v2\/pages"}],"about":[{"href":"https:\/\/manuelahuber.ch\/index.php\/wp-json\/wp\/v2\/types\/page"}],"author":[{"embeddable":true,"href":"https:\/\/manuelahuber.ch\/index.php\/wp-json\/wp\/v2\/users\/1"}],"replies":[{"embeddable":true,"href":"https:\/\/manuelahuber.ch\/index.php\/wp-json\/wp\/v2\/comments?post=2"}],"version-history":[{"count":168,"href":"https:\/\/manuelahuber.ch\/index.php\/wp-json\/wp\/v2\/pages\/2\/revisions"}],"predecessor-version":[{"id":311,"href":"https:\/\/manuelahuber.ch\/index.php\/wp-json\/wp\/v2\/pages\/2\/revisions\/311"}],"wp:attachment":[{"href":"https:\/\/manuelahuber.ch\/index.php\/wp-json\/wp\/v2\/media?parent=2"}],"curies":[{"name":"wp","href":"https:\/\/api.w.org\/{rel}","templated":true}]}}